{"id":2146,"date":"2025-08-18T10:15:13","date_gmt":"2025-08-18T08:15:13","guid":{"rendered":"https:\/\/strange-herschel.46-30-124-30.plesk.page\/?page_id=2146"},"modified":"2025-09-04T09:19:30","modified_gmt":"2025-09-04T07:19:30","slug":"bestyrelsen","status":"publish","type":"page","link":"https:\/\/strange-herschel.46-30-124-30.plesk.page\/?page_id=2146","title":{"rendered":"Bestyrelsen"},"content":{"rendered":"<div class=\"employee-list\" ><article class=\"employee-item\"><div class=\"employee-image\"><img decoding=\"async\" width=\"300\" height=\"300\" src=\"https:\/\/strange-herschel.46-30-124-30.plesk.page\/wp-content\/uploads\/2025\/08\/fotokommer-300x300.jpg\" class=\"attachment-medium size-medium wp-post-image\" alt=\"\" loading=\"lazy\" srcset=\"https:\/\/strange-herschel.46-30-124-30.plesk.page\/wp-content\/uploads\/2025\/08\/fotokommer-300x300.jpg 300w, https:\/\/strange-herschel.46-30-124-30.plesk.page\/wp-content\/uploads\/2025\/08\/fotokommer-150x150.jpg 150w, https:\/\/strange-herschel.46-30-124-30.plesk.page\/wp-content\/uploads\/2025\/08\/fotokommer.jpg 400w\" sizes=\"(max-width: 300px) 100vw, 300px\" \/><\/div><div class=\"employee-details\"><h3 class=\"employee-name\"><strong>Kurt Jensen<\/strong><\/h3><p class=\"employee-title\">Formand<\/p><p class=\"employee-contact\"><strong>T:<\/strong> <a href=\"tel:12345678\">1234 5678<\/a><br><strong>E:<\/strong> <a href=\"mailto:&#109;&#097;&#105;l&#064;&#099;&#111;nv&#101;&#110;&#116;u&#115;.&#100;k\">&#109;&#097;&#105;l&#064;&#099;&#111;nv&#101;&#110;&#116;u&#115;.&#100;k<\/a><\/p><div class=\"employee-description\"><p>N\u00e5r der er m\u00f8der, id\u00e9er og beslutninger p\u00e5 spil, er det altid Kurt, der f\u00e5r styr p\u00e5 tropperne! Han leder med ro, overblik og et glimt i \u00f8jet \u2013 og vi f\u00f8lger gladeligt efter. Tak fordi du holder kursen, Kurt!<\/p>\n<\/div><\/div><\/article><article class=\"employee-item\"><div class=\"employee-image\"><img decoding=\"async\" width=\"300\" height=\"300\" src=\"https:\/\/strange-herschel.46-30-124-30.plesk.page\/wp-content\/uploads\/2025\/08\/fotokommer-300x300.jpg\" class=\"attachment-medium size-medium wp-post-image\" alt=\"\" loading=\"lazy\" srcset=\"https:\/\/strange-herschel.46-30-124-30.plesk.page\/wp-content\/uploads\/2025\/08\/fotokommer-300x300.jpg 300w, https:\/\/strange-herschel.46-30-124-30.plesk.page\/wp-content\/uploads\/2025\/08\/fotokommer-150x150.jpg 150w, https:\/\/strange-herschel.46-30-124-30.plesk.page\/wp-content\/uploads\/2025\/08\/fotokommer.jpg 400w\" sizes=\"(max-width: 300px) 100vw, 300px\" \/><\/div><div class=\"employee-details\"><h3 class=\"employee-name\"><strong>Lise S\u00f8rensen<\/strong><\/h3><p class=\"employee-title\">Kasserer<\/p><p class=\"employee-contact\"><strong>T:<\/strong> <a href=\"tel:23456789\">2345 6789<\/a><br><strong>E:<\/strong> <a href=\"mailto:&#109;a&#105;l&#064;&#099;on&#118;en&#116;u&#115;&#046;&#100;k\">&#109;a&#105;l&#064;&#099;on&#118;en&#116;u&#115;&#046;&#100;k<\/a><\/p><div class=\"employee-description\"><p>Ingen t\u00e6ller til to s\u00e5 hurtigt som Lise t\u00e6ller til tusind! Hun holder styr p\u00e5 hver en krone og finder ro i regnskaber, hvor andre ser rod. Tak fordi du er vores menneskelige Excel-ark med humor og hjerte!<\/p>\n<\/div><\/div><\/article><article class=\"employee-item\"><div class=\"employee-image\"><img decoding=\"async\" width=\"300\" height=\"300\" src=\"https:\/\/strange-herschel.46-30-124-30.plesk.page\/wp-content\/uploads\/2025\/08\/fotokommer-300x300.jpg\" class=\"attachment-medium size-medium wp-post-image\" alt=\"\" loading=\"lazy\" srcset=\"https:\/\/strange-herschel.46-30-124-30.plesk.page\/wp-content\/uploads\/2025\/08\/fotokommer-300x300.jpg 300w, https:\/\/strange-herschel.46-30-124-30.plesk.page\/wp-content\/uploads\/2025\/08\/fotokommer-150x150.jpg 150w, https:\/\/strange-herschel.46-30-124-30.plesk.page\/wp-content\/uploads\/2025\/08\/fotokommer.jpg 400w\" sizes=\"(max-width: 300px) 100vw, 300px\" \/><\/div><div class=\"employee-details\"><h3 class=\"employee-name\"><strong>Jens Andersen<\/strong><\/h3><p class=\"employee-title\">N\u00e6stformand<\/p><p class=\"employee-contact\"><strong>T:<\/strong> <a href=\"tel:12346789\">1234 6789<\/a><br><strong>E:<\/strong> <a href=\"mailto:m&#097;&#105;&#108;&#064;c&#111;&#110;ven&#116;&#117;&#115;&#046;d&#107;\">m&#097;&#105;&#108;&#064;c&#111;&#110;ven&#116;&#117;&#115;&#046;d&#107;<\/a><\/p><div class=\"employee-description\"><p>N\u00e5r Kurt styrer skuden, er Jens den solide styrmand ved hans side. Altid klar med gode id\u00e9er, et smil og en hj\u00e6lpende h\u00e5nd \u2013 Jens s\u00f8rger for, at alt k\u00f8rer glat!<\/p>\n<\/div><\/div><\/article><\/div>\n","protected":false},"excerpt":{"rendered":"","protected":false},"author":4,"featured_media":1894,"parent":1113,"menu_order":0,"comment_status":"closed","ping_status":"closed","template":"","meta":{"_et_pb_use_builder":"","_et_pb_old_content":"","_et_gb_content_width":"","footnotes":""},"class_list":["post-2146","page","type-page","status-publish","has-post-thumbnail","hentry"],"_links":{"self":[{"href":"https:\/\/strange-herschel.46-30-124-30.plesk.page\/index.php?rest_route=\/wp\/v2\/pages\/2146","targetHints":{"allow":["GET"]}}],"collection":[{"href":"https:\/\/strange-herschel.46-30-124-30.plesk.page\/index.php?rest_route=\/wp\/v2\/pages"}],"about":[{"href":"https:\/\/strange-herschel.46-30-124-30.plesk.page\/index.php?rest_route=\/wp\/v2\/types\/page"}],"author":[{"embeddable":true,"href":"https:\/\/strange-herschel.46-30-124-30.plesk.page\/index.php?rest_route=\/wp\/v2\/users\/4"}],"replies":[{"embeddable":true,"href":"https:\/\/strange-herschel.46-30-124-30.plesk.page\/index.php?rest_route=%2Fwp%2Fv2%2Fcomments&post=2146"}],"version-history":[{"count":10,"href":"https:\/\/strange-herschel.46-30-124-30.plesk.page\/index.php?rest_route=\/wp\/v2\/pages\/2146\/revisions"}],"predecessor-version":[{"id":2264,"href":"https:\/\/strange-herschel.46-30-124-30.plesk.page\/index.php?rest_route=\/wp\/v2\/pages\/2146\/revisions\/2264"}],"up":[{"embeddable":true,"href":"https:\/\/strange-herschel.46-30-124-30.plesk.page\/index.php?rest_route=\/wp\/v2\/pages\/1113"}],"wp:featuredmedia":[{"embeddable":true,"href":"https:\/\/strange-herschel.46-30-124-30.plesk.page\/index.php?rest_route=\/wp\/v2\/media\/1894"}],"wp:attachment":[{"href":"https:\/\/strange-herschel.46-30-124-30.plesk.page\/index.php?rest_route=%2Fwp%2Fv2%2Fmedia&parent=2146"}],"curies":[{"name":"wp","href":"https:\/\/api.w.org\/{rel}","templated":true}]}}