{"id":2265,"date":"2025-09-04T09:20:21","date_gmt":"2025-09-04T07:20:21","guid":{"rendered":"https:\/\/strange-herschel.46-30-124-30.plesk.page\/?page_id=2265"},"modified":"2025-09-04T09:20:36","modified_gmt":"2025-09-04T07:20:36","slug":"udvalg","status":"publish","type":"page","link":"https:\/\/strange-herschel.46-30-124-30.plesk.page\/?page_id=2265","title":{"rendered":"Udvalg"},"content":{"rendered":"<div class=\"employee-list\" ><article class=\"employee-item\"><div class=\"employee-image\"><img decoding=\"async\" width=\"300\" height=\"300\" src=\"https:\/\/strange-herschel.46-30-124-30.plesk.page\/wp-content\/uploads\/2025\/08\/fotokommer-300x300.jpg\" class=\"attachment-medium size-medium wp-post-image\" alt=\"\" loading=\"lazy\" srcset=\"https:\/\/strange-herschel.46-30-124-30.plesk.page\/wp-content\/uploads\/2025\/08\/fotokommer-300x300.jpg 300w, https:\/\/strange-herschel.46-30-124-30.plesk.page\/wp-content\/uploads\/2025\/08\/fotokommer-150x150.jpg 150w, https:\/\/strange-herschel.46-30-124-30.plesk.page\/wp-content\/uploads\/2025\/08\/fotokommer.jpg 400w\" sizes=\"(max-width: 300px) 100vw, 300px\" \/><\/div><div class=\"employee-details\"><h3 class=\"employee-name\"><strong>Bodil Bundgaard<\/strong><\/h3><p class=\"employee-title\">Sekret\u00e6r<\/p><p class=\"employee-contact\"><strong>T:<\/strong> <a href=\"tel:65547809\">6554 7809<\/a><br><strong>E:<\/strong> <a href=\"mailto:&#109;&#097;&#105;&#108;&#064;c&#111;&#110;v&#101;&#110;t&#117;&#115;.d&#107;\">&#109;&#097;&#105;&#108;&#064;c&#111;&#110;v&#101;&#110;t&#117;&#115;.d&#107;<\/a><\/p><div class=\"employee-description\"><p>Hvis nogen kan trylle m\u00f8der om til flotte referater, s\u00e5 er det Bodil! Hun har styr p\u00e5 hvert ord, hvert punktum \u2013 og husker alt det, vi andre glemmer. Tak for at holde orden i papirerne (og p\u00e5 os)!<\/p>\n<\/div><\/div><\/article><\/div>\n","protected":false},"excerpt":{"rendered":"","protected":false},"author":2,"featured_media":1894,"parent":1113,"menu_order":0,"comment_status":"closed","ping_status":"closed","template":"","meta":{"_et_pb_use_builder":"","_et_pb_old_content":"","_et_gb_content_width":"","footnotes":""},"class_list":["post-2265","page","type-page","status-publish","has-post-thumbnail","hentry"],"_links":{"self":[{"href":"https:\/\/strange-herschel.46-30-124-30.plesk.page\/index.php?rest_route=\/wp\/v2\/pages\/2265","targetHints":{"allow":["GET"]}}],"collection":[{"href":"https:\/\/strange-herschel.46-30-124-30.plesk.page\/index.php?rest_route=\/wp\/v2\/pages"}],"about":[{"href":"https:\/\/strange-herschel.46-30-124-30.plesk.page\/index.php?rest_route=\/wp\/v2\/types\/page"}],"author":[{"embeddable":true,"href":"https:\/\/strange-herschel.46-30-124-30.plesk.page\/index.php?rest_route=\/wp\/v2\/users\/2"}],"replies":[{"embeddable":true,"href":"https:\/\/strange-herschel.46-30-124-30.plesk.page\/index.php?rest_route=%2Fwp%2Fv2%2Fcomments&post=2265"}],"version-history":[{"count":2,"href":"https:\/\/strange-herschel.46-30-124-30.plesk.page\/index.php?rest_route=\/wp\/v2\/pages\/2265\/revisions"}],"predecessor-version":[{"id":2267,"href":"https:\/\/strange-herschel.46-30-124-30.plesk.page\/index.php?rest_route=\/wp\/v2\/pages\/2265\/revisions\/2267"}],"up":[{"embeddable":true,"href":"https:\/\/strange-herschel.46-30-124-30.plesk.page\/index.php?rest_route=\/wp\/v2\/pages\/1113"}],"wp:featuredmedia":[{"embeddable":true,"href":"https:\/\/strange-herschel.46-30-124-30.plesk.page\/index.php?rest_route=\/wp\/v2\/media\/1894"}],"wp:attachment":[{"href":"https:\/\/strange-herschel.46-30-124-30.plesk.page\/index.php?rest_route=%2Fwp%2Fv2%2Fmedia&parent=2265"}],"curies":[{"name":"wp","href":"https:\/\/api.w.org\/{rel}","templated":true}]}}